{"id":73,"date":"2024-09-04T00:04:21","date_gmt":"2024-09-04T00:04:21","guid":{"rendered":"https:\/\/dappro.co\/?page_id=73"},"modified":"2024-09-04T00:07:44","modified_gmt":"2024-09-04T00:07:44","slug":"nosotros","status":"publish","type":"page","link":"https:\/\/dappro.co\/?page_id=73","title":{"rendered":"Nosotros"},"content":{"rendered":"\t\t<div data-elementor-type=\"wp-page\" data-elementor-id=\"73\" class=\"elementor elementor-73\" data-elementor-post-type=\"page\">\n\t\t\t\t<div class=\"elementor-element elementor-element-4659546 e-con-full e-flex e-con e-parent\" data-id=\"4659546\" data-element_type=\"container\" data-settings=\"{&quot;background_background&quot;:&quot;classic&quot;}\">\n\t\t<div class=\"elementor-element elementor-element-40c0a05 e-con-full e-flex e-con e-child\" data-id=\"40c0a05\" data-element_type=\"container\">\n\t\t\t\t<div class=\"elementor-element elementor-element-588f7cb elementor-widget elementor-widget-heading\" data-id=\"588f7cb\" data-element_type=\"widget\" data-widget_type=\"heading.default\">\n\t\t\t\t<div class=\"elementor-widget-container\">\n\t\t\t<style>\/*! elementor - v3.23.0 - 05-08-2024 *\/\n.elementor-heading-title{padding:0;margin:0;line-height:1}.elementor-widget-heading .elementor-heading-title[class*=elementor-size-]>a{color:inherit;font-size:inherit;line-height:inherit}.elementor-widget-heading .elementor-heading-title.elementor-size-small{font-size:15px}.elementor-widget-heading .elementor-heading-title.elementor-size-medium{font-size:19px}.elementor-widget-heading .elementor-heading-title.elementor-size-large{font-size:29px}.elementor-widget-heading .elementor-heading-title.elementor-size-xl{font-size:39px}.elementor-widget-heading .elementor-heading-title.elementor-size-xxl{font-size:59px}<\/style><h1 class=\"elementor-heading-title elementor-size-xxl\">Nosotros<\/h1>\t\t<\/div>\n\t\t\t\t<\/div>\n\t\t\t\t<\/div>\n\t\t\t\t<\/div>\n\t\t<div class=\"elementor-element elementor-element-ffca620 e-flex e-con-boxed e-con e-parent\" data-id=\"ffca620\" data-element_type=\"container\">\n\t\t\t\t\t<div class=\"e-con-inner\">\n\t\t<div class=\"elementor-element elementor-element-f008a8f e-con-full e-flex e-con e-child\" data-id=\"f008a8f\" data-element_type=\"container\">\n\t\t\t\t<div class=\"elementor-element elementor-element-0081d21 elementor-widget elementor-widget-image\" data-id=\"0081d21\" data-element_type=\"widget\" data-widget_type=\"image.default\">\n\t\t\t\t<div class=\"elementor-widget-container\">\n\t\t\t\t\t\t\t\t\t\t\t\t\t<img fetchpriority=\"high\" decoding=\"async\" width=\"800\" height=\"727\" src=\"https:\/\/dappro.co\/wp-content\/uploads\/2024\/09\/Sin-titulo-2-01-1024x931.png\" class=\"attachment-large size-large wp-image-15\" alt=\"\" srcset=\"https:\/\/dappro.co\/wp-content\/uploads\/2024\/09\/Sin-titulo-2-01-1024x931.png 1024w, https:\/\/dappro.co\/wp-content\/uploads\/2024\/09\/Sin-titulo-2-01-300x273.png 300w, https:\/\/dappro.co\/wp-content\/uploads\/2024\/09\/Sin-titulo-2-01-768x698.png 768w, https:\/\/dappro.co\/wp-content\/uploads\/2024\/09\/Sin-titulo-2-01-1536x1397.png 1536w, https:\/\/dappro.co\/wp-content\/uploads\/2024\/09\/Sin-titulo-2-01-2048x1863.png 2048w\" sizes=\"(max-width: 800px) 100vw, 800px\" \/>\t\t\t\t\t\t\t\t\t\t\t\t\t<\/div>\n\t\t\t\t<\/div>\n\t\t\t\t<\/div>\n\t\t<div class=\"elementor-element elementor-element-bebcb89 e-con-full e-flex e-con e-child\" data-id=\"bebcb89\" data-element_type=\"container\">\n\t\t\t\t<div class=\"elementor-element elementor-element-101d2b5 elementor-widget elementor-widget-heading\" data-id=\"101d2b5\" data-element_type=\"widget\" data-widget_type=\"heading.default\">\n\t\t\t\t<div class=\"elementor-widget-container\">\n\t\t\t<h2 class=\"elementor-heading-title elementor-size-default\">NUESTRO WHY\n<\/h2>\t\t<\/div>\n\t\t\t\t<\/div>\n\t\t\t\t<div class=\"elementor-element elementor-element-a0cd601 elementor-widget elementor-widget-text-editor\" data-id=\"a0cd601\" data-element_type=\"widget\" data-widget_type=\"text-editor.default\">\n\t\t\t\t<div class=\"elementor-widget-container\">\n\t\t\t<style>\/*! elementor - v3.23.0 - 05-08-2024 *\/\n.elementor-widget-text-editor.elementor-drop-cap-view-stacked .elementor-drop-cap{background-color:#69727d;color:#fff}.elementor-widget-text-editor.elementor-drop-cap-view-framed .elementor-drop-cap{color:#69727d;border:3px solid;background-color:transparent}.elementor-widget-text-editor:not(.elementor-drop-cap-view-default) .elementor-drop-cap{margin-top:8px}.elementor-widget-text-editor:not(.elementor-drop-cap-view-default) .elementor-drop-cap-letter{width:1em;height:1em}.elementor-widget-text-editor .elementor-drop-cap{float:left;text-align:center;line-height:1;font-size:50px}.elementor-widget-text-editor .elementor-drop-cap-letter{display:inline-block}<\/style>\t\t\t\t<div id=\"yui_3_17_2_1_1663170010714_74\" class=\"row sqs-row\"><div class=\"col sqs-col-9 span-9\"><div id=\"block-yui_3_17_2_1_1571682046645_26198\" class=\"sqs-block html-block sqs-block-html\" data-block-type=\"2\"><div class=\"sqs-block-content\"><p class=\"\">La revoluci\u00f3n de los datos actual no es impulsada exclusivamente por la enorme y creciente cantidad de datos; es alimentada por tecnolog\u00edas fundamentales que cambian la forma en que reunimos, almacenamos, analizamos y transformamos los datos. La cuesti\u00f3n radica en la validez y relevancia de la informaci\u00f3n, en cuanto a datos exportables para los negocios. Adem\u00e1s, la variedad o heterogeneidad de los datos, hace necesario que estos tengan que ser previamente estructurados.<\/p><p class=\"\">Por esto disponibilidad, ejecucion y acceso de los datos toma mucha importancia en el futuro de los negocios.<\/p><\/div><\/div><\/div><\/div><div id=\"yui_3_17_2_1_1663170010714_102\" class=\"row sqs-row\"><div id=\"yui_3_17_2_1_1663170010714_101\" class=\"col sqs-col-12 span-12\"><div id=\"block-yui_3_17_2_1_1571682046645_27802\" class=\"sqs-block horizontalrule-block sqs-block-horizontalrule\" data-block-type=\"47\">\u00a0<\/div><\/div><\/div>\t\t\t\t\t\t<\/div>\n\t\t\t\t<\/div>\n\t\t\t\t<\/div>\n\t\t\t\t\t<\/div>\n\t\t\t\t<\/div>\n\t\t<div class=\"elementor-element elementor-element-a40d216 e-flex e-con-boxed e-con e-parent\" data-id=\"a40d216\" data-element_type=\"container\" data-settings=\"{&quot;background_background&quot;:&quot;classic&quot;}\">\n\t\t\t\t\t<div class=\"e-con-inner\">\n\t\t<div class=\"elementor-element elementor-element-cc9a67f e-con-full e-flex e-con e-child\" data-id=\"cc9a67f\" data-element_type=\"container\">\n\t\t\t\t<div class=\"elementor-element elementor-element-552efa7 elementor-widget elementor-widget-heading\" data-id=\"552efa7\" data-element_type=\"widget\" data-widget_type=\"heading.default\">\n\t\t\t\t<div class=\"elementor-widget-container\">\n\t\t\t<h2 class=\"elementor-heading-title elementor-size-default\">  \u00bfQui\u00e9nes somos?\n<\/h2>\t\t<\/div>\n\t\t\t\t<\/div>\n\t\t\t\t<div class=\"elementor-element elementor-element-f91026c elementor-widget elementor-widget-text-editor\" data-id=\"f91026c\" data-element_type=\"widget\" data-widget_type=\"text-editor.default\">\n\t\t\t\t<div class=\"elementor-widget-container\">\n\t\t\t\t\t\t\t<div id=\"yui_3_17_2_1_1663176817657_78\" class=\"Site-inner Site-inner--index\" data-controller=\"HeaderOverlay\" data-controllers-bound=\"HeaderOverlay\"><div id=\"yui_3_17_2_1_1663176817657_77\" class=\"Content-outer\"><p>Somos un equipo de expertos con foco en la generaci\u00f3n de resultados que apoyan el crecimiento de las empresas. Todo enmarcado en el conocimiento y experiencia manejando equipos de trabajo, recursos y soluciones de alto nivel, para mejorar la eficiencia y generaci\u00f3n de valor para las empresas.<\/p><\/div><\/div>\t\t\t\t\t\t<\/div>\n\t\t\t\t<\/div>\n\t\t\t\t<\/div>\n\t\t\t\t\t<\/div>\n\t\t\t\t<\/div>\n\t\t\t\t<\/div>\n\t\t","protected":false},"excerpt":{"rendered":"<p>Nosotros NUESTRO WHY La revoluci\u00f3n de los datos actual no es impulsada exclusivamente por la enorme y creciente cantidad de datos; es alimentada por tecnolog\u00edas fundamentales que cambian la forma en que reunimos, almacenamos, analizamos y transformamos los datos. La cuesti\u00f3n radica en la validez y relevancia de la informaci\u00f3n, en cuanto a datos exportables [&hellip;]<\/p>\n","protected":false},"author":1,"featured_media":0,"parent":0,"menu_order":0,"comment_status":"closed","ping_status":"closed","template":"","meta":{"footnotes":""},"class_list":["post-73","page","type-page","status-publish","hentry"],"_links":{"self":[{"href":"https:\/\/dappro.co\/index.php?rest_route=\/wp\/v2\/pages\/73","targetHints":{"allow":["GET"]}}],"collection":[{"href":"https:\/\/dappro.co\/index.php?rest_route=\/wp\/v2\/pages"}],"about":[{"href":"https:\/\/dappro.co\/index.php?rest_route=\/wp\/v2\/types\/page"}],"author":[{"embeddable":true,"href":"https:\/\/dappro.co\/index.php?rest_route=\/wp\/v2\/users\/1"}],"replies":[{"embeddable":true,"href":"https:\/\/dappro.co\/index.php?rest_route=%2Fwp%2Fv2%2Fcomments&post=73"}],"version-history":[{"count":4,"href":"https:\/\/dappro.co\/index.php?rest_route=\/wp\/v2\/pages\/73\/revisions"}],"predecessor-version":[{"id":79,"href":"https:\/\/dappro.co\/index.php?rest_route=\/wp\/v2\/pages\/73\/revisions\/79"}],"wp:attachment":[{"href":"https:\/\/dappro.co\/index.php?rest_route=%2Fwp%2Fv2%2Fmedia&parent=73"}],"curies":[{"name":"wp","href":"https:\/\/api.w.org\/{rel}","templated":true}]}}