{"id":101,"date":"2024-09-04T00:17:26","date_gmt":"2024-09-04T00:17:26","guid":{"rendered":"https:\/\/dappro.co\/?page_id=101"},"modified":"2024-09-04T00:24:10","modified_gmt":"2024-09-04T00:24:10","slug":"process","status":"publish","type":"page","link":"https:\/\/dappro.co\/?page_id=101","title":{"rendered":"Process"},"content":{"rendered":"\t\t<div data-elementor-type=\"wp-page\" data-elementor-id=\"101\" class=\"elementor elementor-101\" data-elementor-post-type=\"page\">\n\t\t\t\t<div class=\"elementor-element elementor-element-4976e36 e-con-full e-flex e-con e-parent\" data-id=\"4976e36\" data-element_type=\"container\" data-settings=\"{&quot;background_background&quot;:&quot;classic&quot;}\">\n\t\t<div class=\"elementor-element elementor-element-cdaaec5 e-con-full e-flex e-con e-child\" data-id=\"cdaaec5\" data-element_type=\"container\">\n\t\t\t\t<div class=\"elementor-element elementor-element-915eb42 elementor-widget elementor-widget-heading\" data-id=\"915eb42\" data-element_type=\"widget\" data-widget_type=\"heading.default\">\n\t\t\t\t<div class=\"elementor-widget-container\">\n\t\t\t<style>\/*! elementor - v3.23.0 - 05-08-2024 *\/\n.elementor-heading-title{padding:0;margin:0;line-height:1}.elementor-widget-heading .elementor-heading-title[class*=elementor-size-]>a{color:inherit;font-size:inherit;line-height:inherit}.elementor-widget-heading .elementor-heading-title.elementor-size-small{font-size:15px}.elementor-widget-heading .elementor-heading-title.elementor-size-medium{font-size:19px}.elementor-widget-heading .elementor-heading-title.elementor-size-large{font-size:29px}.elementor-widget-heading .elementor-heading-title.elementor-size-xl{font-size:39px}.elementor-widget-heading .elementor-heading-title.elementor-size-xxl{font-size:59px}<\/style><h1 class=\"elementor-heading-title elementor-size-xxl\">Process<\/h1>\t\t<\/div>\n\t\t\t\t<\/div>\n\t\t\t\t<\/div>\n\t\t\t\t<\/div>\n\t\t<div class=\"elementor-element elementor-element-f93b3ae e-flex e-con-boxed e-con e-parent\" data-id=\"f93b3ae\" data-element_type=\"container\">\n\t\t\t\t\t<div class=\"e-con-inner\">\n\t\t<div class=\"elementor-element elementor-element-c5cebc4 e-con-full e-flex e-con e-child\" data-id=\"c5cebc4\" data-element_type=\"container\">\n\t\t\t\t<div class=\"elementor-element elementor-element-efa78ba elementor-widget elementor-widget-image\" data-id=\"efa78ba\" data-element_type=\"widget\" data-widget_type=\"image.default\">\n\t\t\t\t<div class=\"elementor-widget-container\">\n\t\t\t<style>\/*! elementor - v3.23.0 - 05-08-2024 *\/\n.elementor-widget-image{text-align:center}.elementor-widget-image a{display:inline-block}.elementor-widget-image a img[src$=\".svg\"]{width:48px}.elementor-widget-image img{vertical-align:middle;display:inline-block}<\/style>\t\t\t\t\t\t\t\t\t\t<img fetchpriority=\"high\" decoding=\"async\" width=\"316\" height=\"316\" src=\"https:\/\/dappro.co\/wp-content\/uploads\/2024\/09\/logoyfavicon-05-1-e1725405313479.png\" class=\"attachment-large size-large wp-image-16\" alt=\"\" srcset=\"https:\/\/dappro.co\/wp-content\/uploads\/2024\/09\/logoyfavicon-05-1-e1725405313479.png 316w, https:\/\/dappro.co\/wp-content\/uploads\/2024\/09\/logoyfavicon-05-1-e1725405313479-300x300.png 300w, https:\/\/dappro.co\/wp-content\/uploads\/2024\/09\/logoyfavicon-05-1-e1725405313479-150x150.png 150w\" sizes=\"(max-width: 316px) 100vw, 316px\" \/>\t\t\t\t\t\t\t\t\t\t\t\t\t<\/div>\n\t\t\t\t<\/div>\n\t\t\t\t<\/div>\n\t\t<div class=\"elementor-element elementor-element-057fb85 e-con-full e-flex e-con e-child\" data-id=\"057fb85\" data-element_type=\"container\">\n\t\t\t\t<div class=\"elementor-element elementor-element-672f1d1 elementor-widget elementor-widget-text-editor\" data-id=\"672f1d1\" data-element_type=\"widget\" data-widget_type=\"text-editor.default\">\n\t\t\t\t<div class=\"elementor-widget-container\">\n\t\t\t<style>\/*! elementor - v3.23.0 - 05-08-2024 *\/\n.elementor-widget-text-editor.elementor-drop-cap-view-stacked .elementor-drop-cap{background-color:#69727d;color:#fff}.elementor-widget-text-editor.elementor-drop-cap-view-framed .elementor-drop-cap{color:#69727d;border:3px solid;background-color:transparent}.elementor-widget-text-editor:not(.elementor-drop-cap-view-default) .elementor-drop-cap{margin-top:8px}.elementor-widget-text-editor:not(.elementor-drop-cap-view-default) .elementor-drop-cap-letter{width:1em;height:1em}.elementor-widget-text-editor .elementor-drop-cap{float:left;text-align:center;line-height:1;font-size:50px}.elementor-widget-text-editor .elementor-drop-cap-letter{display:inline-block}<\/style>\t\t\t\t<div id=\"yui_3_17_2_1_1663170010714_74\" class=\"row sqs-row\"><div class=\"col sqs-col-9 span-9\"><div id=\"block-yui_3_17_2_1_1571682046645_26198\" class=\"sqs-block html-block sqs-block-html\" data-block-type=\"2\"><div class=\"sqs-block-content\"><div id=\"yui_3_17_2_1_1663176117238_74\" class=\"row sqs-row\"><div class=\"col sqs-col-9 span-9\"><div id=\"block-63e462e9fdf622a852c8\" class=\"sqs-block html-block sqs-block-html\" data-block-type=\"2\"><div class=\"sqs-block-content\"><p class=\"\">Avanzar hacia la excelencia y la innovaci\u00f3n Empresarial resulta m\u00e1s sencillo cuando se cuenta con una herramienta que impulsa la mejora continua<\/p><p class=\"\">La gesti\u00f3n de procesos empresariales proporciona a las organizaciones la posibilidad de alinear las funciones del negocio con las necesidades de los clientes y ayuda a los ejecutivos a determinar c\u00f3mo desarrollar, monitorizar y medir los recursos de la empresa.<\/p><p class=\"\">El uso adecuado de todos los recursos permite a los negocios ser m\u00e1s productivos y si a ello le sumamos el aumento de fortalezas y disminuci\u00f3n de puntos d\u00e9biles, el resultado es una empresa m\u00e1s competitiva y mejor preparada para enfrentarse al futuro.<\/p><\/div><\/div><\/div><\/div><div id=\"yui_3_17_2_1_1663176117238_102\" class=\"row sqs-row\"><div id=\"yui_3_17_2_1_1663176117238_101\" class=\"col sqs-col-12 span-12\"><div id=\"block-16c64f243c56185b6c68\" class=\"sqs-block horizontalrule-block sqs-block-horizontalrule\" data-block-type=\"47\">\u00a0<\/div><\/div><\/div><\/div><\/div><\/div><\/div>\t\t\t\t\t\t<\/div>\n\t\t\t\t<\/div>\n\t\t\t\t<\/div>\n\t\t\t\t\t<\/div>\n\t\t\t\t<\/div>\n\t\t<div class=\"elementor-element elementor-element-e2840e3 e-flex e-con-boxed e-con e-parent\" data-id=\"e2840e3\" data-element_type=\"container\">\n\t\t\t\t\t<div class=\"e-con-inner\">\n\t\t\t\t<div class=\"elementor-element elementor-element-20a452b elementor-widget-divider--view-line elementor-widget elementor-widget-divider\" data-id=\"20a452b\" data-element_type=\"widget\" data-widget_type=\"divider.default\">\n\t\t\t\t<div class=\"elementor-widget-container\">\n\t\t\t<style>\/*! elementor - v3.23.0 - 05-08-2024 *\/\n.elementor-widget-divider{--divider-border-style:none;--divider-border-width:1px;--divider-color:#0c0d0e;--divider-icon-size:20px;--divider-element-spacing:10px;--divider-pattern-height:24px;--divider-pattern-size:20px;--divider-pattern-url:none;--divider-pattern-repeat:repeat-x}.elementor-widget-divider .elementor-divider{display:flex}.elementor-widget-divider .elementor-divider__text{font-size:15px;line-height:1;max-width:95%}.elementor-widget-divider .elementor-divider__element{margin:0 var(--divider-element-spacing);flex-shrink:0}.elementor-widget-divider .elementor-icon{font-size:var(--divider-icon-size)}.elementor-widget-divider .elementor-divider-separator{display:flex;margin:0;direction:ltr}.elementor-widget-divider--view-line_icon .elementor-divider-separator,.elementor-widget-divider--view-line_text .elementor-divider-separator{align-items:center}.elementor-widget-divider--view-line_icon .elementor-divider-separator:after,.elementor-widget-divider--view-line_icon .elementor-divider-separator:before,.elementor-widget-divider--view-line_text .elementor-divider-separator:after,.elementor-widget-divider--view-line_text .elementor-divider-separator:before{display:block;content:\"\";border-block-end:0;flex-grow:1;border-block-start:var(--divider-border-width) var(--divider-border-style) var(--divider-color)}.elementor-widget-divider--element-align-left .elementor-divider .elementor-divider-separator>.elementor-divider__svg:first-of-type{flex-grow:0;flex-shrink:100}.elementor-widget-divider--element-align-left .elementor-divider-separator:before{content:none}.elementor-widget-divider--element-align-left .elementor-divider__element{margin-left:0}.elementor-widget-divider--element-align-right .elementor-divider .elementor-divider-separator>.elementor-divider__svg:last-of-type{flex-grow:0;flex-shrink:100}.elementor-widget-divider--element-align-right .elementor-divider-separator:after{content:none}.elementor-widget-divider--element-align-right .elementor-divider__element{margin-right:0}.elementor-widget-divider--element-align-start .elementor-divider .elementor-divider-separator>.elementor-divider__svg:first-of-type{flex-grow:0;flex-shrink:100}.elementor-widget-divider--element-align-start .elementor-divider-separator:before{content:none}.elementor-widget-divider--element-align-start .elementor-divider__element{margin-inline-start:0}.elementor-widget-divider--element-align-end .elementor-divider .elementor-divider-separator>.elementor-divider__svg:last-of-type{flex-grow:0;flex-shrink:100}.elementor-widget-divider--element-align-end .elementor-divider-separator:after{content:none}.elementor-widget-divider--element-align-end .elementor-divider__element{margin-inline-end:0}.elementor-widget-divider:not(.elementor-widget-divider--view-line_text):not(.elementor-widget-divider--view-line_icon) .elementor-divider-separator{border-block-start:var(--divider-border-width) var(--divider-border-style) var(--divider-color)}.elementor-widget-divider--separator-type-pattern{--divider-border-style:none}.elementor-widget-divider--separator-type-pattern.elementor-widget-divider--view-line .elementor-divider-separator,.elementor-widget-divider--separator-type-pattern:not(.elementor-widget-divider--view-line) .elementor-divider-separator:after,.elementor-widget-divider--separator-type-pattern:not(.elementor-widget-divider--view-line) .elementor-divider-separator:before,.elementor-widget-divider--separator-type-pattern:not([class*=elementor-widget-divider--view]) .elementor-divider-separator{width:100%;min-height:var(--divider-pattern-height);-webkit-mask-size:var(--divider-pattern-size) 100%;mask-size:var(--divider-pattern-size) 100%;-webkit-mask-repeat:var(--divider-pattern-repeat);mask-repeat:var(--divider-pattern-repeat);background-color:var(--divider-color);-webkit-mask-image:var(--divider-pattern-url);mask-image:var(--divider-pattern-url)}.elementor-widget-divider--no-spacing{--divider-pattern-size:auto}.elementor-widget-divider--bg-round{--divider-pattern-repeat:round}.rtl .elementor-widget-divider .elementor-divider__text{direction:rtl}.e-con-inner>.elementor-widget-divider,.e-con>.elementor-widget-divider{width:var(--container-widget-width,100%);--flex-grow:var(--container-widget-flex-grow)}<\/style>\t\t<div class=\"elementor-divider\">\n\t\t\t<span class=\"elementor-divider-separator\">\n\t\t\t\t\t\t<\/span>\n\t\t<\/div>\n\t\t\t\t<\/div>\n\t\t\t\t<\/div>\n\t\t\t\t\t<\/div>\n\t\t\t\t<\/div>\n\t\t<div class=\"elementor-element elementor-element-51e2e45 e-flex e-con-boxed e-con e-parent\" data-id=\"51e2e45\" data-element_type=\"container\">\n\t\t\t\t\t<div class=\"e-con-inner\">\n\t\t<div class=\"elementor-element elementor-element-15f88c3 e-con-full e-flex e-con e-child\" data-id=\"15f88c3\" data-element_type=\"container\">\n\t\t\t\t<div class=\"elementor-element elementor-element-ff5a257 elementor-widget elementor-widget-heading\" data-id=\"ff5a257\" data-element_type=\"widget\" data-widget_type=\"heading.default\">\n\t\t\t\t<div class=\"elementor-widget-container\">\n\t\t\t<h1 class=\"elementor-heading-title elementor-size-default\">Soluciones<\/h1>\t\t<\/div>\n\t\t\t\t<\/div>\n\t\t\t\t<\/div>\n\t\t\t\t\t<\/div>\n\t\t\t\t<\/div>\n\t\t<div class=\"elementor-element elementor-element-0dec901 e-flex e-con-boxed e-con e-parent\" data-id=\"0dec901\" data-element_type=\"container\">\n\t\t\t\t\t<div class=\"e-con-inner\">\n\t\t<div class=\"elementor-element elementor-element-3f79299 e-con-full e-flex e-con e-child\" data-id=\"3f79299\" data-element_type=\"container\">\n\t\t\t\t<div class=\"elementor-element elementor-element-a136012 elementor-widget elementor-widget-image\" data-id=\"a136012\" data-element_type=\"widget\" data-widget_type=\"image.default\">\n\t\t\t\t<div class=\"elementor-widget-container\">\n\t\t\t\t\t\t\t\t\t\t\t\t\t<img decoding=\"async\" width=\"800\" height=\"400\" src=\"https:\/\/dappro.co\/wp-content\/uploads\/2024\/09\/PROCESS-ICONS-01-1024x512.png\" class=\"attachment-large size-large wp-image-104\" alt=\"\" srcset=\"https:\/\/dappro.co\/wp-content\/uploads\/2024\/09\/PROCESS-ICONS-01-1024x512.png 1024w, https:\/\/dappro.co\/wp-content\/uploads\/2024\/09\/PROCESS-ICONS-01-300x150.png 300w, https:\/\/dappro.co\/wp-content\/uploads\/2024\/09\/PROCESS-ICONS-01-768x384.png 768w, https:\/\/dappro.co\/wp-content\/uploads\/2024\/09\/PROCESS-ICONS-01-1536x768.png 1536w, https:\/\/dappro.co\/wp-content\/uploads\/2024\/09\/PROCESS-ICONS-01.png 1772w\" sizes=\"(max-width: 800px) 100vw, 800px\" \/>\t\t\t\t\t\t\t\t\t\t\t\t\t<\/div>\n\t\t\t\t<\/div>\n\t\t\t\t<div class=\"elementor-element elementor-element-b9a0124 elementor-widget elementor-widget-heading\" data-id=\"b9a0124\" data-element_type=\"widget\" data-widget_type=\"heading.default\">\n\t\t\t\t<div class=\"elementor-widget-container\">\n\t\t\t<h6 class=\"elementor-heading-title elementor-size-default\">TABLAS DE RETENCION, DIGITALIZACION Y GESTION DOCUMENTAL<BR>\nAUTOMATIZACION DE PROCESOS (BPM)<BR>\nROBOTIC PROCESS AUTOMATION (RPA)<BR>\nMINERIA DE PROCESOS<BR>\nMONITOREO Y AN\u00c1LISIS DE PRODUCTIVIDAD  DE USUARIOS \n<\/h6>\t\t<\/div>\n\t\t\t\t<\/div>\n\t\t\t\t<div class=\"elementor-element elementor-element-0ee64a2 elementor-widget elementor-widget-text-editor\" data-id=\"0ee64a2\" data-element_type=\"widget\" data-widget_type=\"text-editor.default\">\n\t\t\t\t<div class=\"elementor-widget-container\">\n\t\t\t\t\t\t\t<p>Soluciones y servicios para optimizar y automatizar \u00e1reas del negocio complicadas para volverlas m\u00e1s sencillas a trav\u00e9s de la habilitaci\u00f3n de nuevas tecnolog\u00edas que apoyan la transformaci\u00f3n digital.<\/p>\t\t\t\t\t\t<\/div>\n\t\t\t\t<\/div>\n\t\t\t\t<\/div>\n\t\t<div class=\"elementor-element elementor-element-eeb21ab e-con-full e-flex e-con e-child\" data-id=\"eeb21ab\" data-element_type=\"container\">\n\t\t\t\t<div class=\"elementor-element elementor-element-f203cc2 elementor-widget elementor-widget-image\" data-id=\"f203cc2\" data-element_type=\"widget\" data-widget_type=\"image.default\">\n\t\t\t\t<div class=\"elementor-widget-container\">\n\t\t\t\t\t\t\t\t\t\t\t\t\t<img decoding=\"async\" width=\"800\" height=\"400\" src=\"https:\/\/dappro.co\/wp-content\/uploads\/2024\/09\/PROCESS-ICONS-06-1024x512.png\" class=\"attachment-large size-large wp-image-103\" alt=\"\" srcset=\"https:\/\/dappro.co\/wp-content\/uploads\/2024\/09\/PROCESS-ICONS-06-1024x512.png 1024w, https:\/\/dappro.co\/wp-content\/uploads\/2024\/09\/PROCESS-ICONS-06-300x150.png 300w, https:\/\/dappro.co\/wp-content\/uploads\/2024\/09\/PROCESS-ICONS-06-768x384.png 768w, https:\/\/dappro.co\/wp-content\/uploads\/2024\/09\/PROCESS-ICONS-06-1536x768.png 1536w, https:\/\/dappro.co\/wp-content\/uploads\/2024\/09\/PROCESS-ICONS-06.png 1772w\" sizes=\"(max-width: 800px) 100vw, 800px\" \/>\t\t\t\t\t\t\t\t\t\t\t\t\t<\/div>\n\t\t\t\t<\/div>\n\t\t\t\t<div class=\"elementor-element elementor-element-2f38686 elementor-widget elementor-widget-heading\" data-id=\"2f38686\" data-element_type=\"widget\" data-widget_type=\"heading.default\">\n\t\t\t\t<div class=\"elementor-widget-container\">\n\t\t\t<h6 class=\"elementor-heading-title elementor-size-default\">ANALITICA DE DATOS<BR>\nANALITICA DE NEGOCIOS<BR>\nANALITICA DE PROCESOS<BR>\nMODELOS ESTADISTICOS<BR>\nTABLEROS DE CONTROL Y REPORTES OPERATIVOS\n<\/h6>\t\t<\/div>\n\t\t\t\t<\/div>\n\t\t\t\t<div class=\"elementor-element elementor-element-9c69ee8 elementor-widget elementor-widget-text-editor\" data-id=\"9c69ee8\" data-element_type=\"widget\" data-widget_type=\"text-editor.default\">\n\t\t\t\t<div class=\"elementor-widget-container\">\n\t\t\t\t\t\t\t<p>Soluciones y servicios para apoyar a las empresas en la recopilaci\u00f3n, transformaci\u00f3n y organizaci\u00f3n de datos para sacar conclusiones, hacer predicciones e impulsar la toma de decisiones informadas.<\/p>\t\t\t\t\t\t<\/div>\n\t\t\t\t<\/div>\n\t\t\t\t<\/div>\n\t\t<div class=\"elementor-element elementor-element-c783ece e-con-full e-flex e-con e-child\" data-id=\"c783ece\" data-element_type=\"container\">\n\t\t\t\t<\/div>\n\t\t\t\t\t<\/div>\n\t\t\t\t<\/div>\n\t\t\t\t<\/div>\n\t\t","protected":false},"excerpt":{"rendered":"<p>Process Avanzar hacia la excelencia y la innovaci\u00f3n Empresarial resulta m\u00e1s sencillo cuando se cuenta con una herramienta que impulsa la mejora continua La gesti\u00f3n de procesos empresariales proporciona a las organizaciones la posibilidad de alinear las funciones del negocio con las necesidades de los clientes y ayuda a los ejecutivos a determinar c\u00f3mo desarrollar, [&hellip;]<\/p>\n","protected":false},"author":1,"featured_media":0,"parent":0,"menu_order":0,"comment_status":"closed","ping_status":"closed","template":"","meta":{"footnotes":""},"class_list":["post-101","page","type-page","status-publish","hentry"],"_links":{"self":[{"href":"https:\/\/dappro.co\/index.php?rest_route=\/wp\/v2\/pages\/101","targetHints":{"allow":["GET"]}}],"collection":[{"href":"https:\/\/dappro.co\/index.php?rest_route=\/wp\/v2\/pages"}],"about":[{"href":"https:\/\/dappro.co\/index.php?rest_route=\/wp\/v2\/types\/page"}],"author":[{"embeddable":true,"href":"https:\/\/dappro.co\/index.php?rest_route=\/wp\/v2\/users\/1"}],"replies":[{"embeddable":true,"href":"https:\/\/dappro.co\/index.php?rest_route=%2Fwp%2Fv2%2Fcomments&post=101"}],"version-history":[{"count":7,"href":"https:\/\/dappro.co\/index.php?rest_route=\/wp\/v2\/pages\/101\/revisions"}],"predecessor-version":[{"id":123,"href":"https:\/\/dappro.co\/index.php?rest_route=\/wp\/v2\/pages\/101\/revisions\/123"}],"wp:attachment":[{"href":"https:\/\/dappro.co\/index.php?rest_route=%2Fwp%2Fv2%2Fmedia&parent=101"}],"curies":[{"name":"wp","href":"https:\/\/api.w.org\/{rel}","templated":true}]}}